{"id":6,"date":"2022-08-05T18:30:39","date_gmt":"2022-08-05T17:30:39","guid":{"rendered":"https:\/\/out-of-darkness.co.uk\/?page_id=6"},"modified":"2022-08-10T15:49:57","modified_gmt":"2022-08-10T14:49:57","slug":"home","status":"publish","type":"page","link":"https:\/\/out-of-darkness.co.uk\/","title":{"rendered":"Home"},"content":{"rendered":"\n<h4 class=\"has-text-align-center wp-block-heading\">Out of Darkness, An Interactive Exhibition<\/h4>\n\n\n\n<div id=\"metaslider-id-316\" style=\"max-width: 700px; margin: 0 auto;\" class=\"ml-slider-3-27-8 metaslider metaslider-responsive metaslider-316 ml-slider ms-theme-highway\">\n    <div id=\"metaslider_container_316\">\n        <ul id='metaslider_316' class='rslides'>\n            <li><img loading=\"lazy\" decoding=\"async\" src=\"https:\/\/out-of-darkness.co.uk\/wp-content\/uploads\/2022\/08\/2022-07-30-Paroda-_Is-tamsos_-GrazvydasJovaisa-FullSize-10-scaled-700x300.jpg\" height=\"300\" width=\"700\" alt=\"\" class=\"slider-316 slide-360\" title=\"2022-07-30 - Paroda _I\u0161 tamsos_ - Gra\u017evydasJovai\u0161a - FullSize-10\" \/><\/li>\n            <li style='display: none;'><img loading=\"lazy\" decoding=\"async\" src=\"https:\/\/out-of-darkness.co.uk\/wp-content\/uploads\/2022\/08\/2022-07-30-Paroda-_Is-tamsos_-GrazvydasJovaisa-FullSize-4-Copy-scaled-700x300.jpg\" height=\"300\" width=\"700\" alt=\"\" class=\"slider-316 slide-384\" title=\"2022-07-30 - Paroda _I\u0161 tamsos_ - Gra\u017evydasJovai\u0161a - FullSize-4 - Copy\" \/><\/li>\n            <li style='display: none;'><img loading=\"lazy\" decoding=\"async\" src=\"https:\/\/out-of-darkness.co.uk\/wp-content\/uploads\/2022\/08\/2022-07-30-Paroda-_Is-tamsos_-GrazvydasJovaisa-FullSize-11-scaled-700x300.jpg\" height=\"300\" width=\"700\" alt=\"\" class=\"slider-316 slide-361\" title=\"2022-07-30 - Paroda _I\u0161 tamsos_ - Gra\u017evydasJovai\u0161a - FullSize-11\" \/><\/li>\n            <li style='display: none;'><img loading=\"lazy\" decoding=\"async\" src=\"https:\/\/out-of-darkness.co.uk\/wp-content\/uploads\/2022\/08\/into-ghetto-236x101.png\" height=\"300\" width=\"700\" alt=\"\" class=\"slider-316 slide-319\" title=\"into-ghetto\" \/><\/li>\n            <li style='display: none;'><img loading=\"lazy\" decoding=\"async\" src=\"https:\/\/out-of-darkness.co.uk\/wp-content\/uploads\/2022\/08\/barbed-corridor-700x300.jpg\" height=\"300\" width=\"700\" alt=\"\" class=\"slider-316 slide-325\" title=\"barbed-corridor\" \/><\/li>\n            <li style='display: none;'><img loading=\"lazy\" decoding=\"async\" src=\"https:\/\/out-of-darkness.co.uk\/wp-content\/uploads\/2022\/08\/9-decree-bridge-700x300.png\" height=\"300\" width=\"700\" alt=\"\" class=\"slider-316 slide-393\" title=\"9 decree bridge\" \/><\/li>\n            <li style='display: none;'><img loading=\"lazy\" decoding=\"async\" src=\"https:\/\/out-of-darkness.co.uk\/wp-content\/uploads\/2022\/08\/Big-Action-700x300.jpg\" height=\"300\" width=\"700\" alt=\"\" class=\"slider-316 slide-368\" title=\"Big Action\" \/><\/li>\n            <li style='display: none;'><img loading=\"lazy\" decoding=\"async\" src=\"https:\/\/out-of-darkness.co.uk\/wp-content\/uploads\/2022\/08\/entrance-700x300.jpg\" height=\"300\" width=\"700\" alt=\"\" class=\"slider-316 slide-329\" title=\"entrance\" \/><\/li>\n            <li style='display: none;'><img loading=\"lazy\" decoding=\"async\" src=\"https:\/\/out-of-darkness.co.uk\/wp-content\/uploads\/2022\/08\/2022-07-30-Paroda-_Is-tamsos_-GrazvydasJovaisa-FullSize-52-scaled-700x300.jpg\" height=\"300\" width=\"700\" alt=\"\" class=\"slider-316 slide-382\" title=\"2022-07-30 - Paroda _I\u0161 tamsos_ - Gra\u017evydasJovai\u0161a - FullSize-52\" \/><\/li>\n            <li style='display: none;'><img loading=\"lazy\" decoding=\"async\" src=\"https:\/\/out-of-darkness.co.uk\/wp-content\/uploads\/2022\/08\/9-story-700x300.jpg\" height=\"300\" width=\"700\" alt=\"\" class=\"slider-316 slide-419\" title=\"9 story\" \/><\/li>\n            <li style='display: none;'><img loading=\"lazy\" decoding=\"async\" src=\"https:\/\/out-of-darkness.co.uk\/wp-content\/uploads\/2022\/08\/jen-scaled-700x300.jpg\" height=\"300\" width=\"700\" alt=\"\" class=\"slider-316 slide-331\" title=\"jen\" \/><\/li>\n            <li style='display: none;'><img loading=\"lazy\" decoding=\"async\" src=\"https:\/\/out-of-darkness.co.uk\/wp-content\/uploads\/2022\/08\/9-tanks-700x300.png\" height=\"300\" width=\"700\" alt=\"\" class=\"slider-316 slide-411\" title=\"9 tanks\" \/><\/li>\n            <li style='display: none;'><img loading=\"lazy\" decoding=\"async\" src=\"https:\/\/out-of-darkness.co.uk\/wp-content\/uploads\/2022\/08\/9-monopoly-700x300.png\" height=\"300\" width=\"700\" alt=\"\" class=\"slider-316 slide-424\" title=\"9 monopoly\" \/><\/li>\n            <li style='display: none;'><img loading=\"lazy\" decoding=\"async\" src=\"https:\/\/out-of-darkness.co.uk\/wp-content\/uploads\/2022\/08\/9-papers-700x300.jpg\" height=\"300\" width=\"700\" alt=\"\" class=\"slider-316 slide-418\" title=\"9 papers\" \/><\/li>\n            <li style='display: none;'><img loading=\"lazy\" decoding=\"async\" src=\"https:\/\/out-of-darkness.co.uk\/wp-content\/uploads\/2022\/08\/bedtime_story-420x180.png\" height=\"300\" width=\"700\" alt=\"\" class=\"slider-316 slide-322\" title=\"bedtime_story\" \/><\/li>\n            <li style='display: none;'><img loading=\"lazy\" decoding=\"async\" src=\"https:\/\/out-of-darkness.co.uk\/wp-content\/uploads\/2022\/08\/saviour-700x300.png\" height=\"300\" width=\"700\" alt=\"\" class=\"slider-316 slide-320\" title=\"saviour\" \/><\/li>\n            <li style='display: none;'><img loading=\"lazy\" decoding=\"async\" src=\"https:\/\/out-of-darkness.co.uk\/wp-content\/uploads\/2022\/08\/strechy-man-700x300.jpg\" height=\"300\" width=\"700\" alt=\"\" class=\"slider-316 slide-327\" title=\"strechy man\" \/><\/li>\n            <li style='display: none;'><img loading=\"lazy\" decoding=\"async\" src=\"https:\/\/out-of-darkness.co.uk\/wp-content\/uploads\/2022\/08\/foundry-case-700x300.jpg\" height=\"300\" width=\"700\" alt=\"\" class=\"slider-316 slide-443\" title=\"foundry case\" \/><\/li>\n            <li style='display: none;'><img loading=\"lazy\" decoding=\"async\" src=\"https:\/\/out-of-darkness.co.uk\/wp-content\/uploads\/2022\/08\/metronome-case-scaled-700x300.jpg\" height=\"300\" width=\"700\" alt=\"\" class=\"slider-316 slide-363\" title=\"metronome-case\" \/><\/li>\n            <li style='display: none;'><img loading=\"lazy\" decoding=\"async\" src=\"https:\/\/out-of-darkness.co.uk\/wp-content\/uploads\/2022\/08\/9-stuka-700x300.jpg\" height=\"300\" width=\"700\" alt=\"\" class=\"slider-316 slide-421\" title=\"9 stuka\" \/><\/li>\n            <li style='display: none;'><img loading=\"lazy\" decoding=\"async\" src=\"https:\/\/out-of-darkness.co.uk\/wp-content\/uploads\/2022\/08\/chess-700x300.jpg\" height=\"300\" width=\"700\" alt=\"\" class=\"slider-316 slide-330\" title=\"chess\" \/><\/li>\n            <li style='display: none;'><img loading=\"lazy\" decoding=\"async\" src=\"https:\/\/out-of-darkness.co.uk\/wp-content\/uploads\/2022\/08\/Hands-Up-1-700x300.jpg\" height=\"300\" width=\"700\" alt=\"\" class=\"slider-316 slide-332\" title=\"Hands-Up\" \/><\/li>\n            <li style='display: none;'><img loading=\"lazy\" decoding=\"async\" src=\"https:\/\/out-of-darkness.co.uk\/wp-content\/uploads\/2022\/08\/9-reading-700x300.jpg\" height=\"300\" width=\"700\" alt=\"\" class=\"slider-316 slide-412\" title=\"9 reading\" \/><\/li>\n            <li style='display: none;'><img loading=\"lazy\" decoding=\"async\" src=\"https:\/\/out-of-darkness.co.uk\/wp-content\/uploads\/2022\/08\/9-hands-up-700x300.jpg\" height=\"300\" width=\"700\" alt=\"\" class=\"slider-316 slide-422\" title=\"9 hands up\" \/><\/li>\n            <li style='display: none;'><img loading=\"lazy\" decoding=\"async\" src=\"https:\/\/out-of-darkness.co.uk\/wp-content\/uploads\/2022\/08\/9-pasaka-700x300.jpg\" height=\"300\" width=\"700\" alt=\"\" class=\"slider-316 slide-420\" title=\"9 pasaka\" \/><\/li>\n            <li style='display: none;'><img loading=\"lazy\" decoding=\"async\" src=\"https:\/\/out-of-darkness.co.uk\/wp-content\/uploads\/2022\/08\/metronome-case-scaled-700x300.jpg\" height=\"300\" width=\"700\" alt=\"\" class=\"slider-316 slide-317\" title=\"metronome-case\" \/><\/li>\n            <li style='display: none;'><img loading=\"lazy\" decoding=\"async\" src=\"https:\/\/out-of-darkness.co.uk\/wp-content\/uploads\/2022\/08\/vitautas-470x201.png\" height=\"300\" width=\"700\" alt=\"\" class=\"slider-316 slide-318\" title=\"vitautas\" \/><\/li>\n            <li style='display: none;'><img loading=\"lazy\" decoding=\"async\" src=\"https:\/\/out-of-darkness.co.uk\/wp-content\/uploads\/2022\/08\/roulette-700x300.jpg\" height=\"300\" width=\"700\" alt=\"\" class=\"slider-316 slide-328\" title=\"roulette\" \/><\/li>\n            <li style='display: none;'><img loading=\"lazy\" decoding=\"async\" src=\"https:\/\/out-of-darkness.co.uk\/wp-content\/uploads\/2022\/08\/Big-Action-700x300.jpg\" height=\"300\" width=\"700\" alt=\"\" class=\"slider-316 slide-323\" title=\"Big Action\" \/><\/li>\n            <li style='display: none;'><img loading=\"lazy\" decoding=\"async\" src=\"https:\/\/out-of-darkness.co.uk\/wp-content\/uploads\/2022\/08\/9-games-700x300.jpg\" height=\"300\" width=\"700\" alt=\"\" class=\"slider-316 slide-394\" title=\"9 games\" \/><\/li>\n            <li style='display: none;'><img loading=\"lazy\" decoding=\"async\" src=\"https:\/\/out-of-darkness.co.uk\/wp-content\/uploads\/2022\/08\/2022-07-30-Paroda-_Is-tamsos_-GrazvydasJovaisa-FullSize-26-scaled-700x300.jpg\" height=\"300\" width=\"700\" alt=\"\" class=\"slider-316 slide-362\" title=\"2022-07-30 - Paroda _I\u0161 tamsos_ - Gra\u017evydasJovai\u0161a - FullSize-26\" \/><\/li>\n            <li style='display: none;'><img loading=\"lazy\" decoding=\"async\" src=\"https:\/\/out-of-darkness.co.uk\/wp-content\/uploads\/2022\/08\/Pasaka-700x300.jpg\" height=\"300\" width=\"700\" alt=\"\" class=\"slider-316 slide-324\" title=\"Pasaka\" \/><\/li>\n            <li style='display: none;'><img loading=\"lazy\" decoding=\"async\" src=\"https:\/\/out-of-darkness.co.uk\/wp-content\/uploads\/2022\/08\/9-fairytale-700x300.jpg\" height=\"300\" width=\"700\" alt=\"\" class=\"slider-316 slide-417\" title=\"9 fairytale\" \/><\/li>\n            <li style='display: none;'><img loading=\"lazy\" decoding=\"async\" src=\"https:\/\/out-of-darkness.co.uk\/wp-content\/uploads\/2022\/08\/2022-07-30-Paroda-_Is-tamsos_-GrazvydasJovaisa-FullSize-6-scaled-700x300.jpg\" height=\"300\" width=\"700\" alt=\"\" class=\"slider-316 slide-359\" title=\"2022-07-30 - Paroda _I\u0161 tamsos_ - Gra\u017evydasJovai\u0161a - FullSize-6\" \/><\/li>\n            <li style='display: none;'><img loading=\"lazy\" decoding=\"async\" src=\"https:\/\/out-of-darkness.co.uk\/wp-content\/uploads\/2022\/08\/9-monopoly-700x300.jpg\" height=\"300\" width=\"700\" alt=\"\" class=\"slider-316 slide-423\" title=\"9 monopoly\" \/><\/li>\n            <li style='display: none;'><img loading=\"lazy\" decoding=\"async\" src=\"https:\/\/out-of-darkness.co.uk\/wp-content\/uploads\/2022\/08\/chess-700x300.jpg\" height=\"300\" width=\"700\" alt=\"\" class=\"slider-316 slide-375\" title=\"chess\" \/><\/li>\n            <li style='display: none;'><img loading=\"lazy\" decoding=\"async\" src=\"https:\/\/out-of-darkness.co.uk\/wp-content\/uploads\/2022\/08\/tent-700x300.jpg\" height=\"300\" width=\"700\" alt=\"\" class=\"slider-316 slide-326\" title=\"tent\" \/><\/li>\n            <li style='display: none;'><img loading=\"lazy\" decoding=\"async\" src=\"https:\/\/out-of-darkness.co.uk\/wp-content\/uploads\/2022\/08\/9-decrees-700x300.png\" height=\"300\" width=\"700\" alt=\"\" class=\"slider-316 slide-413\" title=\"9 decrees\" \/><\/li>\n            <li style='display: none;'><img loading=\"lazy\" decoding=\"async\" src=\"https:\/\/out-of-darkness.co.uk\/wp-content\/uploads\/2022\/08\/9-water-700x300.png\" height=\"300\" width=\"700\" alt=\"\" class=\"slider-316 slide-414\" title=\"9 water\" \/><\/li>\n            <li style='display: none;'><img loading=\"lazy\" decoding=\"async\" src=\"https:\/\/out-of-darkness.co.uk\/wp-content\/uploads\/2022\/08\/2022-07-30-Paroda-_Is-tamsos_-GrazvydasJovaisa-FullSize-20-Copy-scaled-700x300.jpg\" height=\"300\" width=\"700\" alt=\"\" class=\"slider-316 slide-383\" title=\"2022-07-30 - Paroda _I\u0161 tamsos_ - Gra\u017evydasJovai\u0161a - FullSize-20 - Copy\" \/><\/li>\n            <li style='display: none;'><img loading=\"lazy\" decoding=\"async\" src=\"https:\/\/out-of-darkness.co.uk\/wp-content\/uploads\/2022\/08\/malina-scaled-700x300.jpg\" height=\"300\" width=\"700\" alt=\"\" class=\"slider-316 slide-321\" title=\"malina\" \/><\/li>\n        <\/ul>\n        \n    <\/div>\n<\/div>\n\n\n\n<p class=\"has-text-align-center\">Jenny Kagan, the artist, daughter of Kaunasians Joseph Kagan and Margaret Shtrom grew up in the UK surrounded by stories of pre-war and wartime Lithuania. In this exhibition, she tells the extraordinary story of her parents\u2019 survival in Kaunas during the Holocaust. A story that seems even closer and more relevant to us in the face of today\u2019s war. It raises the question of our choices \u2013 unfortunately, not in the abstract sense, but in the present tense.<\/p>\n\n\n\n<p class=\"has-text-align-center\">Presented by <\/p>\n\n\n<div class=\"wp-block-image\">\n<figure class=\"aligncenter size-large is-resized\"><img loading=\"lazy\" decoding=\"async\" src=\"https:\/\/out-of-darkness.co.uk\/wp-content\/uploads\/2022\/08\/Kaunas2022_horizontalus_EN-1024x396.png\" alt=\"\" class=\"wp-image-483\" width=\"512\" height=\"198\" srcset=\"https:\/\/out-of-darkness.co.uk\/wp-content\/uploads\/2022\/08\/Kaunas2022_horizontalus_EN-1024x396.png 1024w, https:\/\/out-of-darkness.co.uk\/wp-content\/uploads\/2022\/08\/Kaunas2022_horizontalus_EN-300x116.png 300w, https:\/\/out-of-darkness.co.uk\/wp-content\/uploads\/2022\/08\/Kaunas2022_horizontalus_EN-768x297.png 768w, https:\/\/out-of-darkness.co.uk\/wp-content\/uploads\/2022\/08\/Kaunas2022_horizontalus_EN-1536x593.png 1536w, https:\/\/out-of-darkness.co.uk\/wp-content\/uploads\/2022\/08\/Kaunas2022_horizontalus_EN.png 1734w\" sizes=\"auto, (max-width: 512px) 100vw, 512px\" \/><\/figure>\n<\/div>","protected":false},"excerpt":{"rendered":"<p>Out of Darkness, An Interactive Exhibition Jenny Kagan, the artist, daughter of Kaunasians Joseph Kagan and Margaret Shtrom grew up in the UK surrounded by stories of pre-war and wartime Lithuania. In this exhibition, she tells the extraordinary story of her parents\u2019 survival in Kaunas during the Holocaust. A story that seems even closer and&hellip;&nbsp;<a href=\"https:\/\/out-of-darkness.co.uk\/\" class=\"\" rel=\"bookmark\">Read More &raquo;<span class=\"screen-reader-text\">Home<\/span><\/a><\/p>\n","protected":false},"author":1,"featured_media":403,"parent":0,"menu_order":0,"comment_status":"closed","ping_status":"closed","template":"","meta":{"_editorskit_title_hidden":false,"_editorskit_reading_time":1,"_editorskit_typography_data":[],"_editorskit_blocks_typography":"","_editorskit_is_block_options_detached":false,"_editorskit_block_options_position":"{}","neve_meta_sidebar":"","neve_meta_container":"","neve_meta_enable_content_width":"","neve_meta_content_width":0,"neve_meta_title_alignment":"","neve_meta_author_avatar":"","neve_post_elements_order":"","neve_meta_disable_header":"off","neve_meta_disable_footer":"","neve_meta_disable_title":"on","footnotes":""},"class_list":["post-6","page","type-page","status-publish","has-post-thumbnail","hentry"],"_links":{"self":[{"href":"https:\/\/out-of-darkness.co.uk\/index.php\/wp-json\/wp\/v2\/pages\/6","targetHints":{"allow":["GET"]}}],"collection":[{"href":"https:\/\/out-of-darkness.co.uk\/index.php\/wp-json\/wp\/v2\/pages"}],"about":[{"href":"https:\/\/out-of-darkness.co.uk\/index.php\/wp-json\/wp\/v2\/types\/page"}],"author":[{"embeddable":true,"href":"https:\/\/out-of-darkness.co.uk\/index.php\/wp-json\/wp\/v2\/users\/1"}],"replies":[{"embeddable":true,"href":"https:\/\/out-of-darkness.co.uk\/index.php\/wp-json\/wp\/v2\/comments?post=6"}],"version-history":[{"count":24,"href":"https:\/\/out-of-darkness.co.uk\/index.php\/wp-json\/wp\/v2\/pages\/6\/revisions"}],"predecessor-version":[{"id":612,"href":"https:\/\/out-of-darkness.co.uk\/index.php\/wp-json\/wp\/v2\/pages\/6\/revisions\/612"}],"wp:featuredmedia":[{"embeddable":true,"href":"https:\/\/out-of-darkness.co.uk\/index.php\/wp-json\/wp\/v2\/media\/403"}],"wp:attachment":[{"href":"https:\/\/out-of-darkness.co.uk\/index.php\/wp-json\/wp\/v2\/media?parent=6"}],"curies":[{"name":"wp","href":"https:\/\/api.w.org\/{rel}","templated":true}]}}