{"id":115,"date":"2022-08-06T16:38:08","date_gmt":"2022-08-06T15:38:08","guid":{"rendered":"https:\/\/out-of-darkness.co.uk\/?page_id=115"},"modified":"2022-10-31T10:47:31","modified_gmt":"2022-10-31T10:47:31","slug":"home-_lt","status":"publish","type":"page","link":"https:\/\/out-of-darkness.co.uk\/index.php\/home-_lt\/","title":{"rendered":"Home _lt"},"content":{"rendered":"\n<div class=\"wp-block-columns has-background is-layout-flex wp-container-core-columns-is-layout-9d6595d7 wp-block-columns-is-layout-flex\" style=\"background:linear-gradient(180deg,rgb(238,238,238) 0%,rgb(0,6,11) 100%)\"><div class=\"wp-block-column is-layout-flow wp-block-column-is-layout-flow has-ek-typography\" style=\"flex-basis:33.33%\"><div class=\"wp-block-image\">\n<figure class=\"alignleft size-full editorskit-no-desktop editorskit-no-tablet\"><img loading=\"lazy\" decoding=\"async\" width=\"100\" height=\"23\" src=\"https:\/\/out-of-darkness.co.uk\/wp-content\/uploads\/2022\/08\/lt-ood.png\" alt=\"\" class=\"wp-image-578\"><\/figure>\n<\/div>\n\n<h4 class=\"editorskit-no-mobile wp-block-heading has-ek-typography\" style=\"\">I\u0161 tamsos<\/h4>\n\n<h6 class=\"editorskit-no-mobile wp-block-heading has-ek-typography\" style=\"\"><sub>Jenny Kagan<\/sub><\/h6><\/div>\n\n<div class=\"wp-block-column is-layout-flow wp-block-column-is-layout-flow has-ek-typography\" style=\"flex-basis:66.67%\"><div class=\"wp-block-image\">\n<figure class=\"alignright size-large is-resized\"><a href=\"https:\/\/out-of-darkness.co.uk\/\"><img loading=\"lazy\" decoding=\"async\" src=\"https:\/\/out-of-darkness.co.uk\/wp-content\/uploads\/2022\/08\/Flag_of_the_United_Kingdom-1024x512.png\" alt=\"\" class=\"wp-image-283\" width=\"40\" height=\"20\" srcset=\"https:\/\/out-of-darkness.co.uk\/wp-content\/uploads\/2022\/08\/Flag_of_the_United_Kingdom-1024x512.png 1024w, https:\/\/out-of-darkness.co.uk\/wp-content\/uploads\/2022\/08\/Flag_of_the_United_Kingdom-300x150.png 300w, https:\/\/out-of-darkness.co.uk\/wp-content\/uploads\/2022\/08\/Flag_of_the_United_Kingdom-768x384.png 768w, https:\/\/out-of-darkness.co.uk\/wp-content\/uploads\/2022\/08\/Flag_of_the_United_Kingdom-1536x768.png 1536w, https:\/\/out-of-darkness.co.uk\/wp-content\/uploads\/2022\/08\/Flag_of_the_United_Kingdom.png 1920w\" sizes=\"auto, (max-width: 40px) 100vw, 40px\" \/><\/a><\/figure>\n<\/div>\n\n<nav class=\"is-responsive wp-block-navigation is-layout-flex wp-block-navigation-is-layout-flex has-ek-typography\" aria-label=\"Lithuanian\" data-wp-interactive=\"core\/navigation\" data-wp-context='{\"overlayOpenedBy\":{\"click\":false,\"hover\":false,\"focus\":false},\"type\":\"overlay\",\"roleAttribute\":\"\",\"ariaLabel\":\"Menu\"}' style=\"\"><button aria-haspopup=\"dialog\" aria-label=\"Open menu\" class=\"wp-block-navigation__responsive-container-open\" data-wp-on--click=\"actions.openMenuOnClick\" data-wp-on--keydown=\"actions.handleMenuKeydown\"><svg width=\"24\" height=\"24\" xmlns=\"http:\/\/www.w3.org\/2000\/svg\" viewbox=\"0 0 24 24\" aria-hidden=\"true\" focusable=\"false\"><path d=\"M4 7.5h16v1.5H4z\"><\/path><path d=\"M4 15h16v1.5H4z\"><\/path><\/svg><\/button>\n\t\t\t\t<div class=\"wp-block-navigation__responsive-container\" id=\"modal-1\" data-wp-class--has-modal-open=\"state.isMenuOpen\" data-wp-class--is-menu-open=\"state.isMenuOpen\" data-wp-watch=\"callbacks.initMenu\" data-wp-on--keydown=\"actions.handleMenuKeydown\" data-wp-on--focusout=\"actions.handleMenuFocusout\" tabindex=\"-1\">\n\t\t\t\t\t<div class=\"wp-block-navigation__responsive-close\" tabindex=\"-1\">\n\t\t\t\t\t\t<div class=\"wp-block-navigation__responsive-dialog\" data-wp-bind--aria-modal=\"state.ariaModal\" data-wp-bind--aria-label=\"state.ariaLabel\" data-wp-bind--role=\"state.roleAttribute\">\n\t\t\t\t\t\t\t<button aria-label=\"Close menu\" class=\"wp-block-navigation__responsive-container-close\" data-wp-on--click=\"actions.closeMenuOnClick\"><svg xmlns=\"http:\/\/www.w3.org\/2000\/svg\" viewbox=\"0 0 24 24\" width=\"24\" height=\"24\" aria-hidden=\"true\" focusable=\"false\"><path d=\"m13.06 12 6.47-6.47-1.06-1.06L12 10.94 5.53 4.47 4.47 5.53 10.94 12l-6.47 6.47 1.06 1.06L12 13.06l6.47 6.47 1.06-1.06L13.06 12Z\"><\/path><\/svg><\/button>\n\t\t\t\t\t\t\t<div class=\"wp-block-navigation__responsive-container-content\" data-wp-watch=\"callbacks.focusFirstElement\" id=\"modal-1-content\">\n\t\t\t\t\t\t\t\t<ul class=\"wp-block-navigation__container is-responsive wp-block-navigation\"><li class=\" wp-block-navigation-item wp-block-navigation-link\"><a class=\"wp-block-navigation-item__content\" href=\"https:\/\/out-of-darkness.co.uk\/index.php\/home-_lt\/\"><span class=\"wp-block-navigation-item__label\">I\u0161 tamsos<\/span><\/a><\/li><li class=\" wp-block-navigation-item wp-block-navigation-link\"><a class=\"wp-block-navigation-item__content\" href=\"https:\/\/out-of-darkness.co.uk\/index.php\/kaunas-2022-_lt\/\"><span class=\"wp-block-navigation-item__label\">Galerija<\/span><\/a><\/li><li class=\" wp-block-navigation-item wp-block-navigation-link\"><a class=\"wp-block-navigation-item__content\" href=\"https:\/\/out-of-darkness.co.uk\/index.php\/the-stories-_lt\/\"><span class=\"wp-block-navigation-item__label\">Istorijos<\/span><\/a><\/li><li class=\" wp-block-navigation-item wp-block-navigation-link\"><a class=\"wp-block-navigation-item__content\" href=\"https:\/\/out-of-darkness.co.uk\/index.php\/video-tour_lt\/\"><span class=\"wp-block-navigation-item__label\">Vaizdo turas<\/span><\/a><\/li><li class=\" wp-block-navigation-item wp-block-navigation-link\"><a class=\"wp-block-navigation-item__content\" href=\"https:\/\/out-of-darkness.co.uk\/index.php\/atsiliepimai\/\"><span class=\"wp-block-navigation-item__label\">Atsiliepimai<\/span><\/a><\/li><li class=\" wp-block-navigation-item wp-block-navigation-link\"><a class=\"wp-block-navigation-item__content\" href=\"https:\/\/out-of-darkness.co.uk\/index.php\/about-_lt\/\"><span class=\"wp-block-navigation-item__label\">Apie<\/span><\/a><\/li><\/ul>\n\t\t\t\t\t\t\t<\/div>\n\t\t\t\t\t\t<\/div>\n\t\t\t\t\t<\/div>\n\t\t\t\t<\/div><\/nav><\/div><\/div>\n\n\n\n<h4 class=\"has-text-align-center wp-block-heading\">INTERAKTYVI PARODA \u201eI\u0160 TAMSOS\u201c<\/h4>\n\n\n<div id=\"metaslider-id-316\" style=\"max-width: 700px; margin: 0 auto;\" class=\"ml-slider-3-27-8 metaslider metaslider-responsive metaslider-316 ml-slider ms-theme-highway\">\n    <div id=\"metaslider_container_316\">\n        <ul id='metaslider_316' class='rslides'>\n            <li><img loading=\"lazy\" decoding=\"async\" src=\"https:\/\/out-of-darkness.co.uk\/wp-content\/uploads\/2022\/08\/9-reading-700x300.jpg\" height=\"300\" width=\"700\" alt=\"\" class=\"slider-316 slide-412\" title=\"9 reading\" \/><\/li>\n            <li style='display: none;'><img loading=\"lazy\" decoding=\"async\" src=\"https:\/\/out-of-darkness.co.uk\/wp-content\/uploads\/2022\/08\/9-story-700x300.jpg\" height=\"300\" width=\"700\" alt=\"\" class=\"slider-316 slide-419\" title=\"9 story\" \/><\/li>\n            <li style='display: none;'><img loading=\"lazy\" decoding=\"async\" src=\"https:\/\/out-of-darkness.co.uk\/wp-content\/uploads\/2022\/08\/9-monopoly-700x300.png\" height=\"300\" width=\"700\" alt=\"\" class=\"slider-316 slide-424\" title=\"9 monopoly\" \/><\/li>\n            <li style='display: none;'><img loading=\"lazy\" decoding=\"async\" src=\"https:\/\/out-of-darkness.co.uk\/wp-content\/uploads\/2022\/08\/9-monopoly-700x300.jpg\" height=\"300\" width=\"700\" alt=\"\" class=\"slider-316 slide-423\" title=\"9 monopoly\" \/><\/li>\n            <li style='display: none;'><img loading=\"lazy\" decoding=\"async\" src=\"https:\/\/out-of-darkness.co.uk\/wp-content\/uploads\/2022\/08\/9-pasaka-700x300.jpg\" height=\"300\" width=\"700\" alt=\"\" class=\"slider-316 slide-420\" title=\"9 pasaka\" \/><\/li>\n            <li style='display: none;'><img loading=\"lazy\" decoding=\"async\" src=\"https:\/\/out-of-darkness.co.uk\/wp-content\/uploads\/2022\/08\/2022-07-30-Paroda-_Is-tamsos_-GrazvydasJovaisa-FullSize-26-scaled-700x300.jpg\" height=\"300\" width=\"700\" alt=\"\" class=\"slider-316 slide-362\" title=\"2022-07-30 - Paroda _I\u0161 tamsos_ - Gra\u017evydasJovai\u0161a - FullSize-26\" \/><\/li>\n            <li style='display: none;'><img loading=\"lazy\" decoding=\"async\" src=\"https:\/\/out-of-darkness.co.uk\/wp-content\/uploads\/2022\/08\/2022-07-30-Paroda-_Is-tamsos_-GrazvydasJovaisa-FullSize-52-scaled-700x300.jpg\" height=\"300\" width=\"700\" alt=\"\" class=\"slider-316 slide-382\" title=\"2022-07-30 - Paroda _I\u0161 tamsos_ - Gra\u017evydasJovai\u0161a - FullSize-52\" \/><\/li>\n            <li style='display: none;'><img loading=\"lazy\" decoding=\"async\" src=\"https:\/\/out-of-darkness.co.uk\/wp-content\/uploads\/2022\/08\/foundry-case-700x300.jpg\" height=\"300\" width=\"700\" alt=\"\" class=\"slider-316 slide-443\" title=\"foundry case\" \/><\/li>\n            <li style='display: none;'><img loading=\"lazy\" decoding=\"async\" src=\"https:\/\/out-of-darkness.co.uk\/wp-content\/uploads\/2022\/08\/Pasaka-700x300.jpg\" height=\"300\" width=\"700\" alt=\"\" class=\"slider-316 slide-324\" title=\"Pasaka\" \/><\/li>\n            <li style='display: none;'><img loading=\"lazy\" decoding=\"async\" src=\"https:\/\/out-of-darkness.co.uk\/wp-content\/uploads\/2022\/08\/Hands-Up-1-700x300.jpg\" height=\"300\" width=\"700\" alt=\"\" class=\"slider-316 slide-332\" title=\"Hands-Up\" \/><\/li>\n            <li style='display: none;'><img loading=\"lazy\" decoding=\"async\" src=\"https:\/\/out-of-darkness.co.uk\/wp-content\/uploads\/2022\/08\/2022-07-30-Paroda-_Is-tamsos_-GrazvydasJovaisa-FullSize-11-scaled-700x300.jpg\" height=\"300\" width=\"700\" alt=\"\" class=\"slider-316 slide-361\" title=\"2022-07-30 - Paroda _I\u0161 tamsos_ - Gra\u017evydasJovai\u0161a - FullSize-11\" \/><\/li>\n            <li style='display: none;'><img loading=\"lazy\" decoding=\"async\" src=\"https:\/\/out-of-darkness.co.uk\/wp-content\/uploads\/2022\/08\/Big-Action-700x300.jpg\" height=\"300\" width=\"700\" alt=\"\" class=\"slider-316 slide-368\" title=\"Big Action\" \/><\/li>\n            <li style='display: none;'><img loading=\"lazy\" decoding=\"async\" src=\"https:\/\/out-of-darkness.co.uk\/wp-content\/uploads\/2022\/08\/metronome-case-scaled-700x300.jpg\" height=\"300\" width=\"700\" alt=\"\" class=\"slider-316 slide-317\" title=\"metronome-case\" \/><\/li>\n            <li style='display: none;'><img loading=\"lazy\" decoding=\"async\" src=\"https:\/\/out-of-darkness.co.uk\/wp-content\/uploads\/2022\/08\/vitautas-470x201.png\" height=\"300\" width=\"700\" alt=\"\" class=\"slider-316 slide-318\" title=\"vitautas\" \/><\/li>\n            <li style='display: none;'><img loading=\"lazy\" decoding=\"async\" src=\"https:\/\/out-of-darkness.co.uk\/wp-content\/uploads\/2022\/08\/9-decrees-700x300.png\" height=\"300\" width=\"700\" alt=\"\" class=\"slider-316 slide-413\" title=\"9 decrees\" \/><\/li>\n            <li style='display: none;'><img loading=\"lazy\" decoding=\"async\" src=\"https:\/\/out-of-darkness.co.uk\/wp-content\/uploads\/2022\/08\/roulette-700x300.jpg\" height=\"300\" width=\"700\" alt=\"\" class=\"slider-316 slide-328\" title=\"roulette\" \/><\/li>\n            <li style='display: none;'><img loading=\"lazy\" decoding=\"async\" src=\"https:\/\/out-of-darkness.co.uk\/wp-content\/uploads\/2022\/08\/9-hands-up-700x300.jpg\" height=\"300\" width=\"700\" alt=\"\" class=\"slider-316 slide-422\" title=\"9 hands up\" \/><\/li>\n            <li style='display: none;'><img loading=\"lazy\" decoding=\"async\" src=\"https:\/\/out-of-darkness.co.uk\/wp-content\/uploads\/2022\/08\/9-papers-700x300.jpg\" height=\"300\" width=\"700\" alt=\"\" class=\"slider-316 slide-418\" title=\"9 papers\" \/><\/li>\n            <li style='display: none;'><img loading=\"lazy\" decoding=\"async\" src=\"https:\/\/out-of-darkness.co.uk\/wp-content\/uploads\/2022\/08\/2022-07-30-Paroda-_Is-tamsos_-GrazvydasJovaisa-FullSize-20-Copy-scaled-700x300.jpg\" height=\"300\" width=\"700\" alt=\"\" class=\"slider-316 slide-383\" title=\"2022-07-30 - Paroda _I\u0161 tamsos_ - Gra\u017evydasJovai\u0161a - FullSize-20 - Copy\" \/><\/li>\n            <li style='display: none;'><img loading=\"lazy\" decoding=\"async\" src=\"https:\/\/out-of-darkness.co.uk\/wp-content\/uploads\/2022\/08\/9-stuka-700x300.jpg\" height=\"300\" width=\"700\" alt=\"\" class=\"slider-316 slide-421\" title=\"9 stuka\" \/><\/li>\n            <li style='display: none;'><img loading=\"lazy\" decoding=\"async\" src=\"https:\/\/out-of-darkness.co.uk\/wp-content\/uploads\/2022\/08\/2022-07-30-Paroda-_Is-tamsos_-GrazvydasJovaisa-FullSize-6-scaled-700x300.jpg\" height=\"300\" width=\"700\" alt=\"\" class=\"slider-316 slide-359\" title=\"2022-07-30 - Paroda _I\u0161 tamsos_ - Gra\u017evydasJovai\u0161a - FullSize-6\" \/><\/li>\n            <li style='display: none;'><img loading=\"lazy\" decoding=\"async\" src=\"https:\/\/out-of-darkness.co.uk\/wp-content\/uploads\/2022\/08\/malina-scaled-700x300.jpg\" height=\"300\" width=\"700\" alt=\"\" class=\"slider-316 slide-321\" title=\"malina\" \/><\/li>\n            <li style='display: none;'><img loading=\"lazy\" decoding=\"async\" src=\"https:\/\/out-of-darkness.co.uk\/wp-content\/uploads\/2022\/08\/jen-scaled-700x300.jpg\" height=\"300\" width=\"700\" alt=\"\" class=\"slider-316 slide-331\" title=\"jen\" \/><\/li>\n            <li style='display: none;'><img loading=\"lazy\" decoding=\"async\" src=\"https:\/\/out-of-darkness.co.uk\/wp-content\/uploads\/2022\/08\/9-decree-bridge-700x300.png\" height=\"300\" width=\"700\" alt=\"\" class=\"slider-316 slide-393\" title=\"9 decree bridge\" \/><\/li>\n            <li style='display: none;'><img loading=\"lazy\" decoding=\"async\" src=\"https:\/\/out-of-darkness.co.uk\/wp-content\/uploads\/2022\/08\/into-ghetto-236x101.png\" height=\"300\" width=\"700\" alt=\"\" class=\"slider-316 slide-319\" title=\"into-ghetto\" \/><\/li>\n            <li style='display: none;'><img loading=\"lazy\" decoding=\"async\" src=\"https:\/\/out-of-darkness.co.uk\/wp-content\/uploads\/2022\/08\/barbed-corridor-700x300.jpg\" height=\"300\" width=\"700\" alt=\"\" class=\"slider-316 slide-325\" title=\"barbed-corridor\" \/><\/li>\n            <li style='display: none;'><img loading=\"lazy\" decoding=\"async\" src=\"https:\/\/out-of-darkness.co.uk\/wp-content\/uploads\/2022\/08\/chess-700x300.jpg\" height=\"300\" width=\"700\" alt=\"\" class=\"slider-316 slide-330\" title=\"chess\" \/><\/li>\n            <li style='display: none;'><img loading=\"lazy\" decoding=\"async\" src=\"https:\/\/out-of-darkness.co.uk\/wp-content\/uploads\/2022\/08\/metronome-case-scaled-700x300.jpg\" height=\"300\" width=\"700\" alt=\"\" class=\"slider-316 slide-363\" title=\"metronome-case\" \/><\/li>\n            <li style='display: none;'><img loading=\"lazy\" decoding=\"async\" src=\"https:\/\/out-of-darkness.co.uk\/wp-content\/uploads\/2022\/08\/entrance-700x300.jpg\" height=\"300\" width=\"700\" alt=\"\" class=\"slider-316 slide-329\" title=\"entrance\" \/><\/li>\n            <li style='display: none;'><img loading=\"lazy\" decoding=\"async\" src=\"https:\/\/out-of-darkness.co.uk\/wp-content\/uploads\/2022\/08\/2022-07-30-Paroda-_Is-tamsos_-GrazvydasJovaisa-FullSize-10-scaled-700x300.jpg\" height=\"300\" width=\"700\" alt=\"\" class=\"slider-316 slide-360\" title=\"2022-07-30 - Paroda _I\u0161 tamsos_ - Gra\u017evydasJovai\u0161a - FullSize-10\" \/><\/li>\n            <li style='display: none;'><img loading=\"lazy\" decoding=\"async\" src=\"https:\/\/out-of-darkness.co.uk\/wp-content\/uploads\/2022\/08\/chess-700x300.jpg\" height=\"300\" width=\"700\" alt=\"\" class=\"slider-316 slide-375\" title=\"chess\" \/><\/li>\n            <li style='display: none;'><img loading=\"lazy\" decoding=\"async\" src=\"https:\/\/out-of-darkness.co.uk\/wp-content\/uploads\/2022\/08\/9-fairytale-700x300.jpg\" height=\"300\" width=\"700\" alt=\"\" class=\"slider-316 slide-417\" title=\"9 fairytale\" \/><\/li>\n            <li style='display: none;'><img loading=\"lazy\" decoding=\"async\" src=\"https:\/\/out-of-darkness.co.uk\/wp-content\/uploads\/2022\/08\/tent-700x300.jpg\" height=\"300\" width=\"700\" alt=\"\" class=\"slider-316 slide-326\" title=\"tent\" \/><\/li>\n            <li style='display: none;'><img loading=\"lazy\" decoding=\"async\" src=\"https:\/\/out-of-darkness.co.uk\/wp-content\/uploads\/2022\/08\/saviour-700x300.png\" height=\"300\" width=\"700\" alt=\"\" class=\"slider-316 slide-320\" title=\"saviour\" \/><\/li>\n            <li style='display: none;'><img loading=\"lazy\" decoding=\"async\" src=\"https:\/\/out-of-darkness.co.uk\/wp-content\/uploads\/2022\/08\/2022-07-30-Paroda-_Is-tamsos_-GrazvydasJovaisa-FullSize-4-Copy-scaled-700x300.jpg\" height=\"300\" width=\"700\" alt=\"\" class=\"slider-316 slide-384\" title=\"2022-07-30 - Paroda _I\u0161 tamsos_ - Gra\u017evydasJovai\u0161a - FullSize-4 - Copy\" \/><\/li>\n            <li style='display: none;'><img loading=\"lazy\" decoding=\"async\" src=\"https:\/\/out-of-darkness.co.uk\/wp-content\/uploads\/2022\/08\/Big-Action-700x300.jpg\" height=\"300\" width=\"700\" alt=\"\" class=\"slider-316 slide-323\" title=\"Big Action\" \/><\/li>\n            <li style='display: none;'><img loading=\"lazy\" decoding=\"async\" src=\"https:\/\/out-of-darkness.co.uk\/wp-content\/uploads\/2022\/08\/strechy-man-700x300.jpg\" height=\"300\" width=\"700\" alt=\"\" class=\"slider-316 slide-327\" title=\"strechy man\" \/><\/li>\n            <li style='display: none;'><img loading=\"lazy\" decoding=\"async\" src=\"https:\/\/out-of-darkness.co.uk\/wp-content\/uploads\/2022\/08\/9-games-700x300.jpg\" height=\"300\" width=\"700\" alt=\"\" class=\"slider-316 slide-394\" title=\"9 games\" \/><\/li>\n            <li style='display: none;'><img loading=\"lazy\" decoding=\"async\" src=\"https:\/\/out-of-darkness.co.uk\/wp-content\/uploads\/2022\/08\/9-tanks-700x300.png\" height=\"300\" width=\"700\" alt=\"\" class=\"slider-316 slide-411\" title=\"9 tanks\" \/><\/li>\n            <li style='display: none;'><img loading=\"lazy\" decoding=\"async\" src=\"https:\/\/out-of-darkness.co.uk\/wp-content\/uploads\/2022\/08\/bedtime_story-420x180.png\" height=\"300\" width=\"700\" alt=\"\" class=\"slider-316 slide-322\" title=\"bedtime_story\" \/><\/li>\n            <li style='display: none;'><img loading=\"lazy\" decoding=\"async\" src=\"https:\/\/out-of-darkness.co.uk\/wp-content\/uploads\/2022\/08\/9-water-700x300.png\" height=\"300\" width=\"700\" alt=\"\" class=\"slider-316 slide-414\" title=\"9 water\" \/><\/li>\n        <\/ul>\n        \n    <\/div>\n<\/div>\n\n\n\n<p class=\"has-text-align-center\">Meninink\u0117, kaunie\u010di\u0173 Juozapo Kagano ir Margaritos \u0160tromait\u0117s dukra Jenny Kagan u\u017eaugo Jungtin\u0117je Karalyst\u0117je, apsupta pasakojim\u0173 apie prie\u0161kario ir karo met\u0173 Lietuv\u0105. Parodoje ji pasakoja nepaprast\u0105 savo t\u0117v\u0173 i\u0161gyvenimo Kaune Holokausto metais istorij\u0105. Istorij\u0105, kuri \u0161iandieninio karo akivaizdoje regisi dar artimesn\u0117 ir aktualesn\u0117. Ji kelia klausim\u0105 apie m\u016bs\u0173 pasirinkimus \u2013 deja, ne tariamuoju, o esamuoju laiku.<\/p>\n\n\n\n<p class=\"has-text-align-center\"><strong>Organizatorius<\/strong><\/p>\n\n\n<div class=\"wp-block-image\">\n<figure class=\"aligncenter size-large is-resized\"><img loading=\"lazy\" decoding=\"async\" src=\"https:\/\/out-of-darkness.co.uk\/wp-content\/uploads\/2022\/08\/Kaunas2022_baltas_EN-1-1024x411.png\" alt=\"\" class=\"wp-image-487\" width=\"512\" height=\"206\" srcset=\"https:\/\/out-of-darkness.co.uk\/wp-content\/uploads\/2022\/08\/Kaunas2022_baltas_EN-1-1024x411.png 1024w, https:\/\/out-of-darkness.co.uk\/wp-content\/uploads\/2022\/08\/Kaunas2022_baltas_EN-1-300x120.png 300w, https:\/\/out-of-darkness.co.uk\/wp-content\/uploads\/2022\/08\/Kaunas2022_baltas_EN-1-768x308.png 768w, https:\/\/out-of-darkness.co.uk\/wp-content\/uploads\/2022\/08\/Kaunas2022_baltas_EN-1-1536x616.png 1536w, https:\/\/out-of-darkness.co.uk\/wp-content\/uploads\/2022\/08\/Kaunas2022_baltas_EN-1.png 1733w\" sizes=\"auto, (max-width: 512px) 100vw, 512px\" \/><\/figure>\n<\/div>","protected":false},"excerpt":{"rendered":"<p>INTERAKTYVI PARODA \u201eI\u0160 TAMSOS\u201c Meninink\u0117, kaunie\u010di\u0173 Juozapo Kagano ir Margaritos \u0160tromait\u0117s dukra Jenny Kagan u\u017eaugo Jungtin\u0117je Karalyst\u0117je, apsupta pasakojim\u0173 apie prie\u0161kario ir karo met\u0173 Lietuv\u0105. Parodoje ji pasakoja nepaprast\u0105 savo t\u0117v\u0173 i\u0161gyvenimo Kaune Holokausto metais istorij\u0105. Istorij\u0105, kuri \u0161iandieninio karo akivaizdoje regisi dar artimesn\u0117 ir aktualesn\u0117. Ji kelia klausim\u0105 apie m\u016bs\u0173 pasirinkimus \u2013 deja, ne&hellip;&nbsp;<a href=\"https:\/\/out-of-darkness.co.uk\/index.php\/home-_lt\/\" class=\"\" rel=\"bookmark\">Read More &raquo;<span class=\"screen-reader-text\">Home _lt<\/span><\/a><\/p>\n","protected":false},"author":1,"featured_media":0,"parent":0,"menu_order":0,"comment_status":"closed","ping_status":"closed","template":"","meta":{"_editorskit_title_hidden":false,"_editorskit_reading_time":1,"_editorskit_typography_data":[],"_editorskit_blocks_typography":"","_editorskit_is_block_options_detached":false,"_editorskit_block_options_position":"{}","neve_meta_sidebar":"","neve_meta_container":"","neve_meta_enable_content_width":"","neve_meta_content_width":0,"neve_meta_title_alignment":"","neve_meta_author_avatar":"","neve_post_elements_order":"","neve_meta_disable_header":"on","neve_meta_disable_footer":"","neve_meta_disable_title":"on","footnotes":""},"class_list":["post-115","page","type-page","status-publish","hentry"],"_links":{"self":[{"href":"https:\/\/out-of-darkness.co.uk\/index.php\/wp-json\/wp\/v2\/pages\/115","targetHints":{"allow":["GET"]}}],"collection":[{"href":"https:\/\/out-of-darkness.co.uk\/index.php\/wp-json\/wp\/v2\/pages"}],"about":[{"href":"https:\/\/out-of-darkness.co.uk\/index.php\/wp-json\/wp\/v2\/types\/page"}],"author":[{"embeddable":true,"href":"https:\/\/out-of-darkness.co.uk\/index.php\/wp-json\/wp\/v2\/users\/1"}],"replies":[{"embeddable":true,"href":"https:\/\/out-of-darkness.co.uk\/index.php\/wp-json\/wp\/v2\/comments?post=115"}],"version-history":[{"count":10,"href":"https:\/\/out-of-darkness.co.uk\/index.php\/wp-json\/wp\/v2\/pages\/115\/revisions"}],"predecessor-version":[{"id":494,"href":"https:\/\/out-of-darkness.co.uk\/index.php\/wp-json\/wp\/v2\/pages\/115\/revisions\/494"}],"wp:attachment":[{"href":"https:\/\/out-of-darkness.co.uk\/index.php\/wp-json\/wp\/v2\/media?parent=115"}],"curies":[{"name":"wp","href":"https:\/\/api.w.org\/{rel}","templated":true}]}}